{"id":16,"date":"2024-01-24T10:12:31","date_gmt":"2024-01-24T10:12:31","guid":{"rendered":"https:\/\/sicatron-solar.com\/?page_id=16"},"modified":"2024-12-03T11:56:06","modified_gmt":"2024-12-03T11:56:06","slug":"impressum","status":"publish","type":"page","link":"https:\/\/sicatron-solar.com\/en\/impressum\/","title":{"rendered":"imprint"},"content":{"rendered":"<div data-elementor-type=\"wp-page\" data-elementor-id=\"16\" class=\"elementor elementor-16\" data-elementor-post-type=\"page\">\n\t\t\t\t\t\t<section class=\"elementor-section elementor-top-section elementor-element elementor-element-29b1f23 elementor-section-boxed elementor-section-height-default elementor-section-height-default\" data-id=\"29b1f23\" data-element_type=\"section\">\n\t\t\t\t\t\t<div class=\"elementor-container elementor-column-gap-default\">\n\t\t\t\t\t<div class=\"elementor-column elementor-col-100 elementor-top-column elementor-element elementor-element-89e7b4f\" data-id=\"89e7b4f\" data-element_type=\"column\">\n\t\t\t<div class=\"elementor-widget-wrap elementor-element-populated\">\n\t\t\t\t\t\t<div class=\"elementor-element elementor-element-c6906ff elementor-widget elementor-widget-text-editor\" data-id=\"c6906ff\" data-element_type=\"widget\" data-widget_type=\"text-editor.default\">\n\t\t\t\t<div class=\"elementor-widget-container\">\n\t\t\t\t\t\t\t<h2><span style=\"color: #ffffff;\">Information according to \u00a7 5 TMG:<\/span><\/h2>\n<p class=\"bodytext\"><span style=\"color: #ffffff;\">SICATRON GmbH &amp; Co. KG<\/span><\/p>\n\n<h2><span style=\"color: #ffffff;\">Personally liable partners:<\/span><\/h2>\n<p class=\"bodytext\"><span style=\"color: #ffffff;\">Sicatron Verwaltungs GmbH<\/span>\n<span style=\"color: #ffffff;\">District Court of Hagen HRG 9159<\/span><\/p>\n\n<h2><span style=\"color: #ffffff;\">Authorized representative of the company:<\/span><\/h2>\n<p class=\"bodytext\"><span style=\"color: #ffffff;\">Ziya Cakmak<\/span>\n<span style=\"color: #ffffff;\">Gro\u00dfe Brenne 9 D-58099 Hagen<\/span><\/p>\n<p class=\"bodytext\"><span style=\"color: #ffffff;\">Phone: +49 (0) 2331 473329 \u2013 0<\/span>\n<span style=\"color: #ffffff;\">Fax: +49 (0) 2331 473329 -20<\/span>\n<span style=\"color: #ffffff;\">Email: info(at)sicatron.de<\/span><\/p>\n\n<h2><span style=\"color: #ffffff;\">Value added tax:<\/span><\/h2>\n<p class=\"bodytext\"><span style=\"color: #ffffff;\">VAT identification number according to Section 27a of the Sales Tax Law: VAT ID No.: DE 814792550<\/span><\/p>\n\n<h2><span style=\"color: #ffffff;\">Company identification number:<\/span><\/h2>\n<p class=\"bodytext\"><span style=\"color: #ffffff;\">14973944<\/span><\/p>\n\n<h2><span style=\"color: #ffffff;\">Settlement of disputes<\/span><\/h2>\n<p class=\"bodytext\"><span style=\"color: #ffffff;\">The European Commission provides a platform for online dispute resolution (ODR): <a style=\"color: #ffffff;\" title=\"Opens internal link in current window\" href=\"https:\/\/ec.europa.eu\/consumers\/odr\" target=\"_blank\" rel=\"noopener\">ec.europa.eu\/consumers\/odr<\/a>.<\/span><\/p>\n<span style=\"color: #ffffff;\">You can find our email address in the imprint above.<\/span>\n<span style=\"color: #ffffff;\">We are not willing or obliged to participate in dispute resolution proceedings before a consumer arbitration board.<\/span>\n\n<span style=\"color: #ffffff;\">The company sicatron\u00ae is certified according to ISO 9001:2015. sicatron\u00ae is a trademark registered with the German Patent and Trademark Office. The owner of the trademark is Sicatron GmbH &amp; Co. KG.<\/span>\n\n<span style=\"color: #ffffff;\">Implementation by the <a style=\"color: #ffffff;\" href=\"https:\/\/Marketinghasen.de\/\">Marketinghasen\u00ae<\/a><\/span>\t\t\t\t\t\t<\/div>\n\t\t\t\t<\/div>\n\t\t\t\t\t<\/div>\n\t\t<\/div>\n\t\t\t\t\t<\/div>\n\t\t<\/section>\n\t\t\t\t<\/div>","protected":false},"excerpt":{"rendered":"<p>Informationen nach \u00a7 5 TMG: SICATRON GmbH &amp; Co. KG Pers\u00f6nlich haftende Gesellschafter: Sicatron Verwaltungs-GmbH Amtsgericht Hagen HRG 9159 Vertretungsberechtigter Gesch\u00e4ftsf\u00fchrer der Gesellschaft: Ziya Cakmak Gro\u00dfe Brenne 9 D-58099 Hagen Telefon: +49 (0) 2331 473329 &#8211; 0 Telefax: +49 (0) 2331 473329 -20 E-Mail:\u00a0info(at)sicatron.de Umsatzsteuer: Umsatzsteuer-Identifikationsnummer gem\u00e4\u00df \u00a727 a Umsatzsteuergesetz: USt.-ID Nr.: DE 814792550 Identifikationsnummer&#8230;<\/p>","protected":false},"author":1,"featured_media":0,"parent":0,"menu_order":0,"comment_status":"closed","ping_status":"closed","template":"","meta":{"footnotes":""},"class_list":["post-16","page","type-page","status-publish","hentry"],"yoast_head":"<!-- This site is optimized with the Yoast SEO Premium plugin v23.2 (Yoast SEO v23.7) - https:\/\/yoast.com\/wordpress\/plugins\/seo\/ -->\n<title>Impressum - Sicatron Solar<\/title>\n<meta name=\"description\" content=\"Informationen nach \u00a7 5 TMG: SICATRON GmbH &amp; Co. KG Pers\u00f6nlich haftende Gesellschafter: Sicatron Verwaltungs-GmbH Amtsgericht Hagen HRG 9159 Vertretungsberechtigter Gesch\u00e4ftsf\u00fchrer der Gesellschaft: Ziya Cakmak Gro\u00dfe Brenne 9 D-58099 Hagen Telefon: +49 (0) 2331 473329 - 0 Telefax: +49 (0) 2331 473329 -20 E-Mail:\u00a0info(at)sicatron.de Umsatzsteuer: Umsatzsteuer-Identifikationsnummer gem\u00e4\u00df \u00a727 a Umsatzsteuergesetz: USt.-ID Nr.: DE 814792550 Identifikationsnummer des Unternehmens: 14973944 Beilegung von Streitigkeiten Die Europ\u00e4ische Kommission stellt eine Plattform f\u00fcr die Online-Streitbeilegung (OS) bereit: ec.europa.eu\/consumers\/odr. Unsere E-Mail-Adresse finden Sie im obigen Impressum. Wir sind nicht bereit oder verpflichtet, an Streitbeilegungsverfahren vor einer Verbraucherschlichtungsstelle teilzunehmen. Das Unternehmen sicatron\u00ae ist zertifiziert nach ISO 9001:2015. sicatron\u00ae ist eine beim Deutschen Patent- und Markenamt eingetragene Marke. Inhaberin der Marke ist die Sicatron GmbH &amp; Co. KG. Umsetzung durch die Marketinghasen\u00ae\" \/>\n<meta name=\"robots\" content=\"index, follow, max-snippet:-1, max-image-preview:large, max-video-preview:-1\" \/>\n<link rel=\"canonical\" href=\"https:\/\/sicatron-solar.com\/en\/impressum\/\" \/>\n<meta property=\"og:locale\" content=\"en_US\" \/>\n<meta property=\"og:type\" content=\"article\" \/>\n<meta property=\"og:title\" content=\"Impressum\" \/>\n<meta property=\"og:description\" content=\"Informationen nach \u00a7 5 TMG: SICATRON GmbH &amp; Co. KG Pers\u00f6nlich haftende Gesellschafter: Sicatron Verwaltungs-GmbH Amtsgericht Hagen HRG 9159 Vertretungsberechtigter Gesch\u00e4ftsf\u00fchrer der Gesellschaft: Ziya Cakmak Gro\u00dfe Brenne 9 D-58099 Hagen Telefon: +49 (0) 2331 473329 - 0 Telefax: +49 (0) 2331 473329 -20 E-Mail:\u00a0info(at)sicatron.de Umsatzsteuer: Umsatzsteuer-Identifikationsnummer gem\u00e4\u00df \u00a727 a Umsatzsteuergesetz: USt.-ID Nr.: DE 814792550 Identifikationsnummer des Unternehmens: 14973944 Beilegung von Streitigkeiten Die Europ\u00e4ische Kommission stellt eine Plattform f\u00fcr die Online-Streitbeilegung (OS) bereit: ec.europa.eu\/consumers\/odr. Unsere E-Mail-Adresse finden Sie im obigen Impressum. Wir sind nicht bereit oder verpflichtet, an Streitbeilegungsverfahren vor einer Verbraucherschlichtungsstelle teilzunehmen. Das Unternehmen sicatron\u00ae ist zertifiziert nach ISO 9001:2015. sicatron\u00ae ist eine beim Deutschen Patent- und Markenamt eingetragene Marke. Inhaberin der Marke ist die Sicatron GmbH &amp; Co. KG. Umsetzung durch die Marketinghasen\u00ae\" \/>\n<meta property=\"og:url\" content=\"https:\/\/sicatron-solar.com\/en\/impressum\/\" \/>\n<meta property=\"og:site_name\" content=\"Sicatron Solar\" \/>\n<meta property=\"article:modified_time\" content=\"2024-12-03T11:56:06+00:00\" \/>\n<meta name=\"twitter:card\" content=\"summary_large_image\" \/>\n<meta name=\"twitter:label1\" content=\"Est. reading time\" \/>\n\t<meta name=\"twitter:data1\" content=\"1 minute\" \/>\n<script type=\"application\/ld+json\" class=\"yoast-schema-graph\">{\"@context\":\"https:\/\/schema.org\",\"@graph\":[{\"@type\":\"WebPage\",\"@id\":\"https:\/\/sicatron-solar.com\/impressum\/\",\"url\":\"https:\/\/sicatron-solar.com\/impressum\/\",\"name\":\"Impressum - Sicatron Solar\",\"isPartOf\":{\"@id\":\"https:\/\/sicatron-solar.com\/#website\"},\"datePublished\":\"2024-01-24T10:12:31+00:00\",\"dateModified\":\"2024-12-03T11:56:06+00:00\",\"description\":\"Informationen nach \u00a7 5 TMG: SICATRON GmbH &amp; Co. KG Pers\u00f6nlich haftende Gesellschafter: Sicatron Verwaltungs-GmbH Amtsgericht Hagen HRG 9159 Vertretungsberechtigter Gesch\u00e4ftsf\u00fchrer der Gesellschaft: Ziya Cakmak Gro\u00dfe Brenne 9 D-58099 Hagen Telefon: +49 (0) 2331 473329 - 0 Telefax: +49 (0) 2331 473329 -20 E-Mail:\u00a0info(at)sicatron.de Umsatzsteuer: Umsatzsteuer-Identifikationsnummer gem\u00e4\u00df \u00a727 a Umsatzsteuergesetz: USt.-ID Nr.: DE 814792550 Identifikationsnummer des Unternehmens: 14973944 Beilegung von Streitigkeiten Die Europ\u00e4ische Kommission stellt eine Plattform f\u00fcr die Online-Streitbeilegung (OS) bereit: ec.europa.eu\/consumers\/odr. Unsere E-Mail-Adresse finden Sie im obigen Impressum. Wir sind nicht bereit oder verpflichtet, an Streitbeilegungsverfahren vor einer Verbraucherschlichtungsstelle teilzunehmen. Das Unternehmen sicatron\u00ae ist zertifiziert nach ISO 9001:2015. sicatron\u00ae ist eine beim Deutschen Patent- und Markenamt eingetragene Marke. Inhaberin der Marke ist die Sicatron GmbH &amp; Co. KG. Umsetzung durch die Marketinghasen\u00ae\",\"breadcrumb\":{\"@id\":\"https:\/\/sicatron-solar.com\/impressum\/#breadcrumb\"},\"inLanguage\":\"en-US\",\"potentialAction\":[{\"@type\":\"ReadAction\",\"target\":[\"https:\/\/sicatron-solar.com\/impressum\/\"]}]},{\"@type\":\"BreadcrumbList\",\"@id\":\"https:\/\/sicatron-solar.com\/impressum\/#breadcrumb\",\"itemListElement\":[{\"@type\":\"ListItem\",\"position\":1,\"name\":\"Home\",\"item\":\"https:\/\/sicatron-solar.com\/\"},{\"@type\":\"ListItem\",\"position\":2,\"name\":\"Impressum\"}]},{\"@type\":\"WebSite\",\"@id\":\"https:\/\/sicatron-solar.com\/#website\",\"url\":\"https:\/\/sicatron-solar.com\/\",\"name\":\"Sicatron Solar\",\"description\":\"\",\"publisher\":{\"@id\":\"https:\/\/sicatron-solar.com\/#organization\"},\"potentialAction\":[{\"@type\":\"SearchAction\",\"target\":{\"@type\":\"EntryPoint\",\"urlTemplate\":\"https:\/\/sicatron-solar.com\/?s={search_term_string}\"},\"query-input\":{\"@type\":\"PropertyValueSpecification\",\"valueRequired\":true,\"valueName\":\"search_term_string\"}}],\"inLanguage\":\"en-US\"},{\"@type\":\"Organization\",\"@id\":\"https:\/\/sicatron-solar.com\/#organization\",\"name\":\"Sicatron Solar\",\"url\":\"https:\/\/sicatron-solar.com\/\",\"logo\":{\"@type\":\"ImageObject\",\"inLanguage\":\"en-US\",\"@id\":\"https:\/\/sicatron-solar.com\/#\/schema\/logo\/image\/\",\"url\":\"\",\"contentUrl\":\"\",\"caption\":\"Sicatron Solar\"},\"image\":{\"@id\":\"https:\/\/sicatron-solar.com\/#\/schema\/logo\/image\/\"}}]}<\/script>\n<!-- \/ Yoast SEO Premium plugin. -->","yoast_head_json":{"title":"Impressum - Sicatron Solar","description":"Informationen nach \u00a7 5 TMG: SICATRON GmbH &amp; Co. KG Pers\u00f6nlich haftende Gesellschafter: Sicatron Verwaltungs-GmbH Amtsgericht Hagen HRG 9159 Vertretungsberechtigter Gesch\u00e4ftsf\u00fchrer der Gesellschaft: Ziya Cakmak Gro\u00dfe Brenne 9 D-58099 Hagen Telefon: +49 (0) 2331 473329 - 0 Telefax: +49 (0) 2331 473329 -20 E-Mail:\u00a0info(at)sicatron.de Umsatzsteuer: Umsatzsteuer-Identifikationsnummer gem\u00e4\u00df \u00a727 a Umsatzsteuergesetz: USt.-ID Nr.: DE 814792550 Identifikationsnummer des Unternehmens: 14973944 Beilegung von Streitigkeiten Die Europ\u00e4ische Kommission stellt eine Plattform f\u00fcr die Online-Streitbeilegung (OS) bereit: ec.europa.eu\/consumers\/odr. Unsere E-Mail-Adresse finden Sie im obigen Impressum. Wir sind nicht bereit oder verpflichtet, an Streitbeilegungsverfahren vor einer Verbraucherschlichtungsstelle teilzunehmen. Das Unternehmen sicatron\u00ae ist zertifiziert nach ISO 9001:2015. sicatron\u00ae ist eine beim Deutschen Patent- und Markenamt eingetragene Marke. Inhaberin der Marke ist die Sicatron GmbH &amp; Co. KG. Umsetzung durch die Marketinghasen\u00ae","robots":{"index":"index","follow":"follow","max-snippet":"max-snippet:-1","max-image-preview":"max-image-preview:large","max-video-preview":"max-video-preview:-1"},"canonical":"https:\/\/sicatron-solar.com\/en\/impressum\/","og_locale":"en_US","og_type":"article","og_title":"Impressum","og_description":"Informationen nach \u00a7 5 TMG: SICATRON GmbH &amp; Co. KG Pers\u00f6nlich haftende Gesellschafter: Sicatron Verwaltungs-GmbH Amtsgericht Hagen HRG 9159 Vertretungsberechtigter Gesch\u00e4ftsf\u00fchrer der Gesellschaft: Ziya Cakmak Gro\u00dfe Brenne 9 D-58099 Hagen Telefon: +49 (0) 2331 473329 - 0 Telefax: +49 (0) 2331 473329 -20 E-Mail:\u00a0info(at)sicatron.de Umsatzsteuer: Umsatzsteuer-Identifikationsnummer gem\u00e4\u00df \u00a727 a Umsatzsteuergesetz: USt.-ID Nr.: DE 814792550 Identifikationsnummer des Unternehmens: 14973944 Beilegung von Streitigkeiten Die Europ\u00e4ische Kommission stellt eine Plattform f\u00fcr die Online-Streitbeilegung (OS) bereit: ec.europa.eu\/consumers\/odr. Unsere E-Mail-Adresse finden Sie im obigen Impressum. Wir sind nicht bereit oder verpflichtet, an Streitbeilegungsverfahren vor einer Verbraucherschlichtungsstelle teilzunehmen. Das Unternehmen sicatron\u00ae ist zertifiziert nach ISO 9001:2015. sicatron\u00ae ist eine beim Deutschen Patent- und Markenamt eingetragene Marke. Inhaberin der Marke ist die Sicatron GmbH &amp; Co. KG. Umsetzung durch die Marketinghasen\u00ae","og_url":"https:\/\/sicatron-solar.com\/en\/impressum\/","og_site_name":"Sicatron Solar","article_modified_time":"2024-12-03T11:56:06+00:00","twitter_card":"summary_large_image","twitter_misc":{"Est. reading time":"1 minute"},"schema":{"@context":"https:\/\/schema.org","@graph":[{"@type":"WebPage","@id":"https:\/\/sicatron-solar.com\/impressum\/","url":"https:\/\/sicatron-solar.com\/impressum\/","name":"Impressum - Sicatron Solar","isPartOf":{"@id":"https:\/\/sicatron-solar.com\/#website"},"datePublished":"2024-01-24T10:12:31+00:00","dateModified":"2024-12-03T11:56:06+00:00","description":"Informationen nach \u00a7 5 TMG: SICATRON GmbH &amp; Co. KG Pers\u00f6nlich haftende Gesellschafter: Sicatron Verwaltungs-GmbH Amtsgericht Hagen HRG 9159 Vertretungsberechtigter Gesch\u00e4ftsf\u00fchrer der Gesellschaft: Ziya Cakmak Gro\u00dfe Brenne 9 D-58099 Hagen Telefon: +49 (0) 2331 473329 - 0 Telefax: +49 (0) 2331 473329 -20 E-Mail:\u00a0info(at)sicatron.de Umsatzsteuer: Umsatzsteuer-Identifikationsnummer gem\u00e4\u00df \u00a727 a Umsatzsteuergesetz: USt.-ID Nr.: DE 814792550 Identifikationsnummer des Unternehmens: 14973944 Beilegung von Streitigkeiten Die Europ\u00e4ische Kommission stellt eine Plattform f\u00fcr die Online-Streitbeilegung (OS) bereit: ec.europa.eu\/consumers\/odr. Unsere E-Mail-Adresse finden Sie im obigen Impressum. Wir sind nicht bereit oder verpflichtet, an Streitbeilegungsverfahren vor einer Verbraucherschlichtungsstelle teilzunehmen. Das Unternehmen sicatron\u00ae ist zertifiziert nach ISO 9001:2015. sicatron\u00ae ist eine beim Deutschen Patent- und Markenamt eingetragene Marke. Inhaberin der Marke ist die Sicatron GmbH &amp; Co. KG. Umsetzung durch die Marketinghasen\u00ae","breadcrumb":{"@id":"https:\/\/sicatron-solar.com\/impressum\/#breadcrumb"},"inLanguage":"en-US","potentialAction":[{"@type":"ReadAction","target":["https:\/\/sicatron-solar.com\/impressum\/"]}]},{"@type":"BreadcrumbList","@id":"https:\/\/sicatron-solar.com\/impressum\/#breadcrumb","itemListElement":[{"@type":"ListItem","position":1,"name":"Home","item":"https:\/\/sicatron-solar.com\/"},{"@type":"ListItem","position":2,"name":"Impressum"}]},{"@type":"WebSite","@id":"https:\/\/sicatron-solar.com\/#website","url":"https:\/\/sicatron-solar.com\/","name":"Sicatron Solar","description":"","publisher":{"@id":"https:\/\/sicatron-solar.com\/#organization"},"potentialAction":[{"@type":"SearchAction","target":{"@type":"EntryPoint","urlTemplate":"https:\/\/sicatron-solar.com\/?s={search_term_string}"},"query-input":{"@type":"PropertyValueSpecification","valueRequired":true,"valueName":"search_term_string"}}],"inLanguage":"en-US"},{"@type":"Organization","@id":"https:\/\/sicatron-solar.com\/#organization","name":"Sicatron Solar","url":"https:\/\/sicatron-solar.com\/","logo":{"@type":"ImageObject","inLanguage":"en-US","@id":"https:\/\/sicatron-solar.com\/#\/schema\/logo\/image\/","url":"","contentUrl":"","caption":"Sicatron Solar"},"image":{"@id":"https:\/\/sicatron-solar.com\/#\/schema\/logo\/image\/"}}]}},"_links":{"self":[{"href":"https:\/\/sicatron-solar.com\/en\/wp-json\/wp\/v2\/pages\/16","targetHints":{"allow":["GET"]}}],"collection":[{"href":"https:\/\/sicatron-solar.com\/en\/wp-json\/wp\/v2\/pages"}],"about":[{"href":"https:\/\/sicatron-solar.com\/en\/wp-json\/wp\/v2\/types\/page"}],"author":[{"embeddable":true,"href":"https:\/\/sicatron-solar.com\/en\/wp-json\/wp\/v2\/users\/1"}],"replies":[{"embeddable":true,"href":"https:\/\/sicatron-solar.com\/en\/wp-json\/wp\/v2\/comments?post=16"}],"version-history":[{"count":3,"href":"https:\/\/sicatron-solar.com\/en\/wp-json\/wp\/v2\/pages\/16\/revisions"}],"predecessor-version":[{"id":4430,"href":"https:\/\/sicatron-solar.com\/en\/wp-json\/wp\/v2\/pages\/16\/revisions\/4430"}],"wp:attachment":[{"href":"https:\/\/sicatron-solar.com\/en\/wp-json\/wp\/v2\/media?parent=16"}],"curies":[{"name":"wp","href":"https:\/\/api.w.org\/{rel}","templated":true}]}}