{"id":2808,"date":"2024-02-02T15:43:28","date_gmt":"2024-02-02T15:43:28","guid":{"rendered":"https:\/\/sicatron-solar.com\/?page_id=2808"},"modified":"2024-11-04T18:03:33","modified_gmt":"2024-11-04T18:03:33","slug":"industrie","status":"publish","type":"page","link":"https:\/\/sicatron-solar.com\/en\/industrie\/","title":{"rendered":"Industry"},"content":{"rendered":"<div data-elementor-type=\"wp-page\" data-elementor-id=\"2808\" class=\"elementor elementor-2808\" data-elementor-post-type=\"page\">\n\t\t\t\t\t\t<section class=\"elementor-section elementor-top-section elementor-element elementor-element-f28183a elementor-section-full_width elementor-section-stretched elementor-section-height-default elementor-section-height-default\" data-id=\"f28183a\" data-element_type=\"section\" data-settings=\"{&quot;stretch_section&quot;:&quot;section-stretched&quot;}\">\n\t\t\t\t\t\t<div class=\"elementor-container elementor-column-gap-no\">\n\t\t\t\t\t<div class=\"elementor-column elementor-col-100 elementor-top-column elementor-element elementor-element-5a1a30f\" data-id=\"5a1a30f\" data-element_type=\"column\">\n\t\t\t<div class=\"elementor-widget-wrap\">\n\t\t\t\t\t\t\t<\/div>\n\t\t<\/div>\n\t\t\t\t\t<\/div>\n\t\t<\/section>\n\t\t\t\t<section class=\"elementor-section elementor-top-section elementor-element elementor-element-13d7eae elementor-section-full_width elementor-section-stretched elementor-section-height-default elementor-section-height-default\" data-id=\"13d7eae\" data-element_type=\"section\" data-settings=\"{&quot;stretch_section&quot;:&quot;section-stretched&quot;}\">\n\t\t\t\t\t\t<div class=\"elementor-container elementor-column-gap-no\">\n\t\t\t\t\t<div class=\"elementor-column elementor-col-100 elementor-top-column elementor-element elementor-element-3fb7a5c\" data-id=\"3fb7a5c\" data-element_type=\"column\">\n\t\t\t<div class=\"elementor-widget-wrap elementor-element-populated\">\n\t\t\t\t\t\t<section class=\"elementor-section elementor-inner-section elementor-element elementor-element-a67b5a1 elementor-reverse-tablet elementor-reverse-mobile elementor-section-boxed elementor-section-height-default elementor-section-height-default\" data-id=\"a67b5a1\" data-element_type=\"section\" data-settings=\"{&quot;background_background&quot;:&quot;classic&quot;}\">\n\t\t\t\t\t\t\t<div class=\"elementor-background-overlay\"><\/div>\n\t\t\t\t\t\t\t<div class=\"elementor-container elementor-column-gap-no\">\n\t\t\t\t\t<div class=\"elementor-column elementor-col-50 elementor-inner-column elementor-element elementor-element-c7e828c\" data-id=\"c7e828c\" data-element_type=\"column\">\n\t\t\t<div class=\"elementor-widget-wrap elementor-element-populated\">\n\t\t\t\t\t\t<div class=\"elementor-element elementor-element-130b0a0 elementor-widget elementor-widget-heading\" data-id=\"130b0a0\" data-element_type=\"widget\" data-widget_type=\"heading.default\">\n\t\t\t\t<div class=\"elementor-widget-container\">\n\t\t\t<h3 class=\"elementor-heading-title elementor-size-default\">Industry<\/h3>\t\t<\/div>\n\t\t\t\t<\/div>\n\t\t\t\t<div class=\"elementor-element elementor-element-951bf0b elementor-widget elementor-widget-text-editor\" data-id=\"951bf0b\" data-element_type=\"widget\" data-widget_type=\"text-editor.default\">\n\t\t\t\t<div class=\"elementor-widget-container\">\n\t\t\t\t\t\t\t<span style=\"color: #ffffff;\">Welcome to our industrial solar cable page - your trusted source for high-quality industrial-scale cabling solutions. Discover innovative solar cables that not only meet the most stringent quality standards, but also optimize the performance of your industrial solar systems.<\/span>\t\t\t\t\t\t<\/div>\n\t\t\t\t<\/div>\n\t\t\t\t<div class=\"elementor-element elementor-element-34c3c39 elementor-widget elementor-widget-energisobutton\" data-id=\"34c3c39\" data-element_type=\"widget\" data-widget_type=\"energisobutton.default\">\n\t\t\t\t<div class=\"elementor-widget-container\">\n\t\t\t<!-- Button --><div class=\"btn-wrapper left\"><a class=\"vs-btn style2\" href=\"https:\/\/sicatron-solar.com\/en\/kontakt\/\">Requests<\/a><\/div><!-- End Button -->\t\t<\/div>\n\t\t\t\t<\/div>\n\t\t\t\t\t<\/div>\n\t\t<\/div>\n\t\t\t\t<div class=\"elementor-column elementor-col-50 elementor-inner-column elementor-element elementor-element-af00824\" data-id=\"af00824\" data-element_type=\"column\">\n\t\t\t<div class=\"elementor-widget-wrap elementor-element-populated\">\n\t\t\t\t\t\t<div class=\"elementor-element elementor-element-8e02224 elementor-widget elementor-widget-spacer\" data-id=\"8e02224\" data-element_type=\"widget\" data-widget_type=\"spacer.default\">\n\t\t\t\t<div class=\"elementor-widget-container\">\n\t\t\t\t\t<div class=\"elementor-spacer\">\n\t\t\t<div class=\"elementor-spacer-inner\"><\/div>\n\t\t<\/div>\n\t\t\t\t<\/div>\n\t\t\t\t<\/div>\n\t\t\t\t\t<\/div>\n\t\t<\/div>\n\t\t\t\t\t<\/div>\n\t\t<\/section>\n\t\t\t\t<section class=\"elementor-section elementor-inner-section elementor-element elementor-element-d8b86f7 elementor-reverse-tablet elementor-reverse-mobile elementor-section-boxed elementor-section-height-default elementor-section-height-default\" data-id=\"d8b86f7\" data-element_type=\"section\">\n\t\t\t\t\t\t<div class=\"elementor-container elementor-column-gap-no\">\n\t\t\t\t\t<div class=\"elementor-column elementor-col-100 elementor-inner-column elementor-element elementor-element-23d2cd6\" data-id=\"23d2cd6\" data-element_type=\"column\">\n\t\t\t<div class=\"elementor-widget-wrap elementor-element-populated\">\n\t\t\t\t\t\t<div class=\"elementor-element elementor-element-9c1b548 elementor-widget elementor-widget-spacer\" data-id=\"9c1b548\" data-element_type=\"widget\" data-widget_type=\"spacer.default\">\n\t\t\t\t<div class=\"elementor-widget-container\">\n\t\t\t\t\t<div class=\"elementor-spacer\">\n\t\t\t<div class=\"elementor-spacer-inner\"><\/div>\n\t\t<\/div>\n\t\t\t\t<\/div>\n\t\t\t\t<\/div>\n\t\t\t\t<div class=\"elementor-element elementor-element-ad8ef76 elementor-widget elementor-widget-heading\" data-id=\"ad8ef76\" data-element_type=\"widget\" data-widget_type=\"heading.default\">\n\t\t\t\t<div class=\"elementor-widget-container\">\n\t\t\t<h6 class=\"elementor-heading-title elementor-size-default\">Our solar cables offer a number of advantages to industrial companies. Here are some outstanding advantages at a glance:<\/h6>\t\t<\/div>\n\t\t\t\t<\/div>\n\t\t\t\t<div class=\"elementor-element elementor-element-91a14b3 elementor-widget elementor-widget-text-editor\" data-id=\"91a14b3\" data-element_type=\"widget\" data-widget_type=\"text-editor.default\">\n\t\t\t\t<div class=\"elementor-widget-container\">\n\t\t\t\t\t\t\t\n<div class=\"list-style1\">\n<ul class=\"list-unstyled\">\n \t<li><strong>Industrial robustness and durability<\/strong><\/li>\n \t<li><strong>High performance and efficiency<\/strong><\/li>\n \t<li><strong>adaptation to industrial requirements<\/strong><\/li>\n \t<li><strong> temperature and weather resistance <\/strong><\/li>\n<\/ul>\n<\/div>\t\t\t\t\t\t<\/div>\n\t\t\t\t<\/div>\n\t\t\t\t\t<\/div>\n\t\t<\/div>\n\t\t\t\t\t<\/div>\n\t\t<\/section>\n\t\t\t\t<section class=\"elementor-section elementor-inner-section elementor-element elementor-element-dc6c5d5 elementor-reverse-tablet elementor-reverse-mobile elementor-section-boxed elementor-section-height-default elementor-section-height-default\" data-id=\"dc6c5d5\" data-element_type=\"section\">\n\t\t\t\t\t\t<div class=\"elementor-container elementor-column-gap-no\">\n\t\t\t\t\t<div class=\"elementor-column elementor-col-100 elementor-inner-column elementor-element elementor-element-f1d3301\" data-id=\"f1d3301\" data-element_type=\"column\">\n\t\t\t<div class=\"elementor-widget-wrap elementor-element-populated\">\n\t\t\t\t\t\t<div class=\"elementor-element elementor-element-f37874d elementor-widget elementor-widget-energisoimagebox\" data-id=\"f37874d\" data-element_type=\"widget\" data-widget_type=\"energisoimagebox.default\">\n\t\t\t\t<div class=\"elementor-widget-container\">\n\t\t\t<div class=\"img-box1\"><div class=\"img-1\"><img decoding=\"async\" src=\"https:\/\/wordpress.vecurosoft.com\/energiso\/wp-content\/uploads\/2022\/11\/sr-d-1-3.jpg\" alt=\"sr d 1 3\"  class=\"w-100\" \/><\/div><\/div>\t\t<\/div>\n\t\t\t\t<\/div>\n\t\t\t\t\t<\/div>\n\t\t<\/div>\n\t\t\t\t\t<\/div>\n\t\t<\/section>\n\t\t\t\t<section class=\"elementor-section elementor-inner-section elementor-element elementor-element-8483b3c elementor-reverse-tablet elementor-reverse-mobile elementor-section-boxed elementor-section-height-default elementor-section-height-default\" data-id=\"8483b3c\" data-element_type=\"section\">\n\t\t\t\t\t\t<div class=\"elementor-container elementor-column-gap-no\">\n\t\t\t\t\t<div class=\"elementor-column elementor-col-100 elementor-inner-column elementor-element elementor-element-f5ed8e7\" data-id=\"f5ed8e7\" data-element_type=\"column\">\n\t\t\t<div class=\"elementor-widget-wrap\">\n\t\t\t\t\t\t\t<\/div>\n\t\t<\/div>\n\t\t\t\t\t<\/div>\n\t\t<\/section>\n\t\t\t\t<section class=\"elementor-section elementor-inner-section elementor-element elementor-element-44f21bf elementor-reverse-tablet elementor-reverse-mobile elementor-section-boxed elementor-section-height-default elementor-section-height-default\" data-id=\"44f21bf\" data-element_type=\"section\">\n\t\t\t\t\t\t<div class=\"elementor-container elementor-column-gap-no\">\n\t\t\t\t\t<div class=\"elementor-column elementor-col-100 elementor-inner-column elementor-element elementor-element-7df4fbf\" data-id=\"7df4fbf\" data-element_type=\"column\">\n\t\t\t<div class=\"elementor-widget-wrap elementor-element-populated\">\n\t\t\t\t\t\t<div class=\"elementor-element elementor-element-363b964 elementor-widget elementor-widget-energisosectiontitle\" data-id=\"363b964\" data-element_type=\"widget\" data-widget_type=\"energisosectiontitle.default\">\n\t\t\t\t<div class=\"elementor-widget-container\">\n\t\t\t<!-- Section Title --><div class=\"title-area\" ><h2 class=\"sec-subtitle subtitle-selector\">Everything you need<\/h2><h3 class=\"sec-title title-selector h1\">Our services at a glance <\/h3><\/div><!-- End Section Title -->\t\t<\/div>\n\t\t\t\t<\/div>\n\t\t\t\t<div class=\"elementor-element elementor-element-65326c2 elementor-widget elementor-widget-energisoaboutmedia\" data-id=\"65326c2\" data-element_type=\"widget\" data-widget_type=\"energisoaboutmedia.default\">\n\t\t\t\t<div class=\"elementor-widget-container\">\n\t\t\t<section class=\"about-media-wrapper\"><div class=\"container-xl\"><div class=\"row gx-0\"><div class=\"col-md-6 col-lg-4 feature-style2 style2\"><div class=\"feature-body\"><div class=\"feature-icon\"><i class=\"far fa-check\"><\/i><\/div><h3 class=\"feature-title h5\"><a class=\"text-inherit\" href=\"\">Individual consulting for industrial projects<\/a><\/h3><p class=\"feature-text\">Use the expertise of our consultants to obtain tailor-made solutions for the specific requirements of your industrial solar projects.<\/p><\/div><\/div><div class=\"col-md-6 col-lg-4 feature-style2 style2\"><div class=\"feature-body\"><div class=\"feature-icon\"><i class=\"far fa-check\"><\/i><\/div><h3 class=\"feature-title h5\"><a class=\"text-inherit\" href=\"\">Broad product portfolio<\/a><\/h3><p class=\"feature-text\">Comprehensive range of solar cables of different types, sizes and specifications to meet the needs of different customers.<\/p><\/div><\/div><div class=\"col-md-6 col-lg-4 feature-style2 style2\"><div class=\"feature-body\"><div class=\"feature-icon\"><i class=\"far fa-check\"><\/i><\/div><h3 class=\"feature-title h5\"><a class=\"text-inherit\" href=\"\">Sustainability efforts<\/a><\/h3><p class=\"feature-text\">Selecting environmentally friendly products and packaging solutions to promote sustainable business practices<\/p><\/div><\/div><div class=\"col-md-6 col-lg-4 feature-style2 style2\"><div class=\"feature-body\"><div class=\"feature-icon\"><i class=\"far fa-check\"><\/i><\/div><h3 class=\"feature-title h5\"><a class=\"text-inherit\" href=\"\">Stock and availability<\/a><\/h3><p class=\"feature-text\">We offer a large storage capacity to ensure continuous availability of solar cables<\/p><\/div><\/div><div class=\"col-md-6 col-lg-4 feature-style2 style2\"><div class=\"feature-body\"><div class=\"feature-icon\"><i class=\"far fa-check\"><\/i><\/div><h3 class=\"feature-title h5\"><a class=\"text-inherit\" href=\"\">Custom orders<\/a><\/h3><p class=\"feature-text\">Ability to process customized orders such as special lengths, colors or connections<\/p><\/div><\/div><div class=\"col-md-6 col-lg-4 feature-style2 style2\"><div class=\"feature-body\"><div class=\"feature-icon\"><i class=\"far fa-check\"><\/i><\/div><h3 class=\"feature-title h5\"><a class=\"text-inherit\" href=\"\">Technical support<\/a><\/h3><p class=\"feature-text\">Expert support with technical questions, product information and recommendations for the selection of solar cables according to the customer&#039;s requirements<\/p><\/div><\/div><div class=\"col-md-6 col-lg-4 feature-style2 style2\"><div class=\"feature-body\"><div class=\"feature-icon\"><i class=\"far fa-check\"><\/i><\/div><h3 class=\"feature-title h5\"><a class=\"text-inherit\" href=\"\">competitive prices<\/a><\/h3><p class=\"feature-text\">Transparent and competitive pricing to offer customers cost-effective solutions<\/p><\/div><\/div><div class=\"col-md-6 col-lg-4 feature-style2 style2\"><div class=\"feature-body\"><div class=\"feature-icon\"><i class=\"far fa-check\"><\/i><\/div><h3 class=\"feature-title h5\"><a class=\"text-inherit\" href=\"\">Quality control and certification<\/a><\/h3><p class=\"feature-text\">Ensuring that all solar cables offered meet the required quality standards and are certified according to international standards<\/p><\/div><\/div><\/div><\/div><\/section>\t\t<\/div>\n\t\t\t\t<\/div>\n\t\t\t\t\t<\/div>\n\t\t<\/div>\n\t\t\t\t\t<\/div>\n\t\t<\/section>\n\t\t\t\t\t<\/div>\n\t\t<\/div>\n\t\t\t\t\t<\/div>\n\t\t<\/section>\n\t\t\t\t<\/div>","protected":false},"excerpt":{"rendered":"<p>Industrie Willkommen auf unserer Industrie-Seite f\u00fcr Solarkabel \u2013 Ihrer zuverl\u00e4ssigen Quelle f\u00fcr hochwertige Verkabelungsl\u00f6sungen im industriellen Ma\u00dfstab. Entdecken Sie hier innovative Solarkabel, die nicht nur strengsten Qualit\u00e4tsstandards entsprechen, sondern auch die Leistung Ihrer industriellen Solaranlagen optimieren. Anfragen Unsere Solarkabel bieten Industrieunternehmen eine Reihe von Vorteilen. Hier sind einige herausragende Vorteile im \u00dcberblick: Industrielle Robustheit und&#8230;<\/p>","protected":false},"author":2,"featured_media":0,"parent":0,"menu_order":0,"comment_status":"closed","ping_status":"closed","template":"template-builder.php","meta":{"footnotes":""},"class_list":["post-2808","page","type-page","status-publish","hentry"],"yoast_head":"<!-- This site is optimized with the Yoast SEO Premium plugin v23.2 (Yoast SEO v23.7) - https:\/\/yoast.com\/wordpress\/plugins\/seo\/ -->\n<title>Industrielle Solarkabel - Sicatron Solar<\/title>\n<meta name=\"description\" content=\"Sicatron Solar bietet langlebige, effiziente Solarkabel f\u00fcr industrielle Anwendungen \u2013 leistungsstark und nachhaltig.\" \/>\n<meta name=\"robots\" content=\"index, follow, max-snippet:-1, max-image-preview:large, max-video-preview:-1\" \/>\n<link rel=\"canonical\" href=\"https:\/\/sicatron-solar.com\/en\/industrie\/\" \/>\n<meta property=\"og:locale\" content=\"en_US\" \/>\n<meta property=\"og:type\" content=\"article\" \/>\n<meta property=\"og:title\" content=\"Industrie\" \/>\n<meta property=\"og:description\" content=\"Sicatron Solar bietet langlebige, effiziente Solarkabel f\u00fcr industrielle Anwendungen \u2013 leistungsstark und nachhaltig.\" \/>\n<meta property=\"og:url\" content=\"https:\/\/sicatron-solar.com\/en\/industrie\/\" \/>\n<meta property=\"og:site_name\" content=\"Sicatron Solar\" \/>\n<meta property=\"article:modified_time\" content=\"2024-11-04T18:03:33+00:00\" \/>\n<meta property=\"og:image\" content=\"https:\/\/wordpress.vecurosoft.com\/energiso\/wp-content\/uploads\/2022\/11\/sr-d-1-3.jpg\" \/>\n<meta name=\"twitter:card\" content=\"summary_large_image\" \/>\n<meta name=\"twitter:label1\" content=\"Est. reading time\" \/>\n\t<meta name=\"twitter:data1\" content=\"2 minutes\" \/>\n<script type=\"application\/ld+json\" class=\"yoast-schema-graph\">{\"@context\":\"https:\/\/schema.org\",\"@graph\":[{\"@type\":\"WebPage\",\"@id\":\"https:\/\/sicatron-solar.com\/industrie\/\",\"url\":\"https:\/\/sicatron-solar.com\/industrie\/\",\"name\":\"Industrielle Solarkabel - Sicatron Solar\",\"isPartOf\":{\"@id\":\"https:\/\/sicatron-solar.com\/#website\"},\"primaryImageOfPage\":{\"@id\":\"https:\/\/sicatron-solar.com\/industrie\/#primaryimage\"},\"image\":{\"@id\":\"https:\/\/sicatron-solar.com\/industrie\/#primaryimage\"},\"thumbnailUrl\":\"https:\/\/wordpress.vecurosoft.com\/energiso\/wp-content\/uploads\/2022\/11\/sr-d-1-3.jpg\",\"datePublished\":\"2024-02-02T15:43:28+00:00\",\"dateModified\":\"2024-11-04T18:03:33+00:00\",\"description\":\"Sicatron Solar bietet langlebige, effiziente Solarkabel f\u00fcr industrielle Anwendungen \u2013 leistungsstark und nachhaltig.\",\"breadcrumb\":{\"@id\":\"https:\/\/sicatron-solar.com\/industrie\/#breadcrumb\"},\"inLanguage\":\"en-US\",\"potentialAction\":[{\"@type\":\"ReadAction\",\"target\":[\"https:\/\/sicatron-solar.com\/industrie\/\"]}]},{\"@type\":\"ImageObject\",\"inLanguage\":\"en-US\",\"@id\":\"https:\/\/sicatron-solar.com\/industrie\/#primaryimage\",\"url\":\"https:\/\/wordpress.vecurosoft.com\/energiso\/wp-content\/uploads\/2022\/11\/sr-d-1-3.jpg\",\"contentUrl\":\"https:\/\/wordpress.vecurosoft.com\/energiso\/wp-content\/uploads\/2022\/11\/sr-d-1-3.jpg\"},{\"@type\":\"BreadcrumbList\",\"@id\":\"https:\/\/sicatron-solar.com\/industrie\/#breadcrumb\",\"itemListElement\":[{\"@type\":\"ListItem\",\"position\":1,\"name\":\"Home\",\"item\":\"https:\/\/sicatron-solar.com\/\"},{\"@type\":\"ListItem\",\"position\":2,\"name\":\"Industrie\"}]},{\"@type\":\"WebSite\",\"@id\":\"https:\/\/sicatron-solar.com\/#website\",\"url\":\"https:\/\/sicatron-solar.com\/\",\"name\":\"Sicatron Solar\",\"description\":\"\",\"publisher\":{\"@id\":\"https:\/\/sicatron-solar.com\/#organization\"},\"potentialAction\":[{\"@type\":\"SearchAction\",\"target\":{\"@type\":\"EntryPoint\",\"urlTemplate\":\"https:\/\/sicatron-solar.com\/?s={search_term_string}\"},\"query-input\":{\"@type\":\"PropertyValueSpecification\",\"valueRequired\":true,\"valueName\":\"search_term_string\"}}],\"inLanguage\":\"en-US\"},{\"@type\":\"Organization\",\"@id\":\"https:\/\/sicatron-solar.com\/#organization\",\"name\":\"Sicatron Solar\",\"url\":\"https:\/\/sicatron-solar.com\/\",\"logo\":{\"@type\":\"ImageObject\",\"inLanguage\":\"en-US\",\"@id\":\"https:\/\/sicatron-solar.com\/#\/schema\/logo\/image\/\",\"url\":\"\",\"contentUrl\":\"\",\"caption\":\"Sicatron Solar\"},\"image\":{\"@id\":\"https:\/\/sicatron-solar.com\/#\/schema\/logo\/image\/\"}}]}<\/script>\n<!-- \/ Yoast SEO Premium plugin. -->","yoast_head_json":{"title":"Industrielle Solarkabel - Sicatron Solar","description":"Sicatron Solar bietet langlebige, effiziente Solarkabel f\u00fcr industrielle Anwendungen \u2013 leistungsstark und nachhaltig.","robots":{"index":"index","follow":"follow","max-snippet":"max-snippet:-1","max-image-preview":"max-image-preview:large","max-video-preview":"max-video-preview:-1"},"canonical":"https:\/\/sicatron-solar.com\/en\/industrie\/","og_locale":"en_US","og_type":"article","og_title":"Industrie","og_description":"Sicatron Solar bietet langlebige, effiziente Solarkabel f\u00fcr industrielle Anwendungen \u2013 leistungsstark und nachhaltig.","og_url":"https:\/\/sicatron-solar.com\/en\/industrie\/","og_site_name":"Sicatron Solar","article_modified_time":"2024-11-04T18:03:33+00:00","og_image":[{"url":"https:\/\/wordpress.vecurosoft.com\/energiso\/wp-content\/uploads\/2022\/11\/sr-d-1-3.jpg"}],"twitter_card":"summary_large_image","twitter_misc":{"Est. reading time":"2 minutes"},"schema":{"@context":"https:\/\/schema.org","@graph":[{"@type":"WebPage","@id":"https:\/\/sicatron-solar.com\/industrie\/","url":"https:\/\/sicatron-solar.com\/industrie\/","name":"Industrielle Solarkabel - Sicatron Solar","isPartOf":{"@id":"https:\/\/sicatron-solar.com\/#website"},"primaryImageOfPage":{"@id":"https:\/\/sicatron-solar.com\/industrie\/#primaryimage"},"image":{"@id":"https:\/\/sicatron-solar.com\/industrie\/#primaryimage"},"thumbnailUrl":"https:\/\/wordpress.vecurosoft.com\/energiso\/wp-content\/uploads\/2022\/11\/sr-d-1-3.jpg","datePublished":"2024-02-02T15:43:28+00:00","dateModified":"2024-11-04T18:03:33+00:00","description":"Sicatron Solar bietet langlebige, effiziente Solarkabel f\u00fcr industrielle Anwendungen \u2013 leistungsstark und nachhaltig.","breadcrumb":{"@id":"https:\/\/sicatron-solar.com\/industrie\/#breadcrumb"},"inLanguage":"en-US","potentialAction":[{"@type":"ReadAction","target":["https:\/\/sicatron-solar.com\/industrie\/"]}]},{"@type":"ImageObject","inLanguage":"en-US","@id":"https:\/\/sicatron-solar.com\/industrie\/#primaryimage","url":"https:\/\/wordpress.vecurosoft.com\/energiso\/wp-content\/uploads\/2022\/11\/sr-d-1-3.jpg","contentUrl":"https:\/\/wordpress.vecurosoft.com\/energiso\/wp-content\/uploads\/2022\/11\/sr-d-1-3.jpg"},{"@type":"BreadcrumbList","@id":"https:\/\/sicatron-solar.com\/industrie\/#breadcrumb","itemListElement":[{"@type":"ListItem","position":1,"name":"Home","item":"https:\/\/sicatron-solar.com\/"},{"@type":"ListItem","position":2,"name":"Industrie"}]},{"@type":"WebSite","@id":"https:\/\/sicatron-solar.com\/#website","url":"https:\/\/sicatron-solar.com\/","name":"Sicatron Solar","description":"","publisher":{"@id":"https:\/\/sicatron-solar.com\/#organization"},"potentialAction":[{"@type":"SearchAction","target":{"@type":"EntryPoint","urlTemplate":"https:\/\/sicatron-solar.com\/?s={search_term_string}"},"query-input":{"@type":"PropertyValueSpecification","valueRequired":true,"valueName":"search_term_string"}}],"inLanguage":"en-US"},{"@type":"Organization","@id":"https:\/\/sicatron-solar.com\/#organization","name":"Sicatron Solar","url":"https:\/\/sicatron-solar.com\/","logo":{"@type":"ImageObject","inLanguage":"en-US","@id":"https:\/\/sicatron-solar.com\/#\/schema\/logo\/image\/","url":"","contentUrl":"","caption":"Sicatron Solar"},"image":{"@id":"https:\/\/sicatron-solar.com\/#\/schema\/logo\/image\/"}}]}},"_links":{"self":[{"href":"https:\/\/sicatron-solar.com\/en\/wp-json\/wp\/v2\/pages\/2808","targetHints":{"allow":["GET"]}}],"collection":[{"href":"https:\/\/sicatron-solar.com\/en\/wp-json\/wp\/v2\/pages"}],"about":[{"href":"https:\/\/sicatron-solar.com\/en\/wp-json\/wp\/v2\/types\/page"}],"author":[{"embeddable":true,"href":"https:\/\/sicatron-solar.com\/en\/wp-json\/wp\/v2\/users\/2"}],"replies":[{"embeddable":true,"href":"https:\/\/sicatron-solar.com\/en\/wp-json\/wp\/v2\/comments?post=2808"}],"version-history":[{"count":1,"href":"https:\/\/sicatron-solar.com\/en\/wp-json\/wp\/v2\/pages\/2808\/revisions"}],"predecessor-version":[{"id":4408,"href":"https:\/\/sicatron-solar.com\/en\/wp-json\/wp\/v2\/pages\/2808\/revisions\/4408"}],"wp:attachment":[{"href":"https:\/\/sicatron-solar.com\/en\/wp-json\/wp\/v2\/media?parent=2808"}],"curies":[{"name":"wp","href":"https:\/\/api.w.org\/{rel}","templated":true}]}}